
{"id":560,"date":"2024-01-17T18:32:18","date_gmt":"2024-01-17T11:32:18","guid":{"rendered":"https:\/\/mayschool.edu.vn\/john-hagensy\/"},"modified":"2024-01-17T18:32:18","modified_gmt":"2024-01-17T11:32:18","slug":"john-hagensy","status":"publish","type":"page","link":"https:\/\/mayschool.edu.vn\/en\/personnel\/john-hagensy\/","title":{"rendered":"John Hagensy"},"content":{"rendered":"\n\t<section class=\"section top-gradient bottom-gradient\" id=\"section_1309909115\">\n\t\t<div class=\"section-bg fill\" >\n\t\t\t<img loading=\"lazy\" decoding=\"async\" width=\"2000\" height=\"1333\" src=\"https:\/\/mayschool.edu.vn\/wp-content\/uploads\/shutterstock_177301904.jpg\" class=\"bg attachment-original size-original\" alt=\"\" \/>\t\t\t\t\t\t<div class=\"section-bg-overlay absolute fill\"><\/div>\n\t\t\t\n\n\t\t<\/div>\n\n\t\t\n\n\t\t<div class=\"section-content relative\">\n\t\t\t\n<div class=\"row\"  id=\"row-195015011\">\n\n\t<div id=\"col-213287951\" class=\"col small-12 large-12\"  >\n\t\t\t\t<div class=\"col-inner\"  >\n\t\t\t\n\t\t\t\n  <div id=\"page-header-1193615706\" class=\"page-header-wrapper\">\n  <div class=\"page-title dark simple-title\">\n\n    \n    <div class=\"page-title-inner container align-bottom flex-row medium-flex-wrap\" >\n              <div class=\"title-wrapper is-larger flex-col text-left medium-text-center\">\n          <h1 class=\"entry-title mb-0\">\n            Ti\u1ebfng Anh          <\/h1>\n        <\/div>\n                <div class=\"page-title-sub op-7 flex-col ml medium-text-center\">\n          <p class=\"lead\">Khoa<\/p>\n        <\/div>\n                    <div class=\"title-content flex-col flex-right text-right medium-text-center\">\n        <div class=\"title-breadcrumbs pb-half pt-half\"><\/div>      <\/div>\n    <\/div>\n\n     \n<style>\n#page-header-1193615706 .title-bg {\n  background-position: 53% 20%;\n}\n<\/style>\n  <\/div>\n    <\/div>\n  \n\t\t<\/div>\n\t\t\t\t\t<\/div>\n\n\t\n<\/div>\n\t\t<\/div>\n\n\t\t\n<style>\n#section_1309909115 {\n  padding-top: 30px;\n  padding-bottom: 30px;\n  min-height: 300px;\n}\n#section_1309909115 .section-bg-overlay {\n  background-color: rgba(0, 0, 0, 0.331);\n}\n#section_1309909115 .section-bg img {\n  object-position: 52% 0%;\n}\n@media (min-width:550px) {\n  #section_1309909115 {\n    min-height: 700px;\n  }\n}\n<\/style>\n\t<\/section>\n\t\n\n\t<section class=\"section\" id=\"section_98349848\">\n\t\t<div class=\"section-bg fill\" >\n\t\t\t\t\t\t\t\t\t\n\t\t\t\n\n\t\t<\/div>\n\n\t\t\n\n\t\t<div class=\"section-content relative\">\n\t\t\t\n<div class=\"row\"  id=\"row-703093756\">\n\n\t<div id=\"col-1701178903\" class=\"col medium-4 small-12 large-4\"  >\n\t\t\t\t<div class=\"col-inner\"  >\n\t\t\t\n\t\t\t\n\t<div class=\"img has-hover x md-x lg-x y md-y lg-y\" id=\"image_534215700\">\n\t\t<a class=\"image-lightbox lightbox-gallery\" title=\"\" href=\"https:\/\/mayschool.edu.vn\/wp-content\/uploads\/personnel-1.jpg\">\t\t\t\t\t\t<div class=\"img-inner dark\" >\n\t\t\t<img loading=\"lazy\" decoding=\"async\" width=\"800\" height=\"571\" src=\"https:\/\/mayschool.edu.vn\/wp-content\/uploads\/personnel-1.jpg\" class=\"attachment-original size-original\" alt=\"\" \/>\t\t\t\t\t\t\n\t\t\t\t\t<\/div>\n\t\t\t\t\t\t<\/a>\t\t\n<style>\n#image_534215700 {\n  width: 100%;\n}\n<\/style>\n\t<\/div>\n\t\n<div class=\"social-icons follow-icons primary-small\" ><a href=\"#\" target=\"_blank\" data-label=\"Facebook\" class=\"icon plain facebook tooltip\" title=\"Follow on Facebook\" aria-label=\"Follow on Facebook\" rel=\"noopener nofollow\" ><i class=\"icon-facebook\" ><\/i><\/a><a href=\"#\" target=\"_blank\" data-label=\"Instagram\" class=\"icon plain instagram tooltip\" title=\"Follow on Instagram\" aria-label=\"Follow on Instagram\" rel=\"noopener nofollow\" ><i class=\"icon-instagram\" ><\/i><\/a><a href=\"#\" data-label=\"Twitter\" target=\"_blank\" class=\"icon plain twitter tooltip\" title=\"Follow on Twitter\" aria-label=\"Follow on Twitter\" rel=\"noopener nofollow\" ><i class=\"icon-twitter\" ><\/i><\/a><a href=\"mailto:#\" data-label=\"E-mail\" target=\"_blank\" class=\"icon plain email tooltip\" title=\"Send us an email\" aria-label=\"Send us an email\" rel=\"nofollow noopener\" ><i class=\"icon-envelop\" ><\/i><\/a><\/div>\n\t<div id=\"gap-1605578927\" class=\"gap-element clearfix\" style=\"display:block; height:auto;\">\n\t\t\n<style>\n#gap-1605578927 {\n  padding-top: 30px;\n}\n<\/style>\n\t<\/div>\n\t\n<p>Jhangensy@kingsteruni.edu<\/p>\n<p>+1-2351-2361-355<\/p>\n<p>Room 102, A Building 1810 Campus Way NE Bothell, WA 98011-8246<\/p>\n\t<div id=\"gap-120791599\" class=\"gap-element clearfix\" style=\"display:block; height:auto;\">\n\t\t\n<style>\n#gap-120791599 {\n  padding-top: 30px;\n}\n<\/style>\n\t<\/div>\n\t\n<a href=\"#\" class=\"button primary is-large lowercase expand\"  >\n\t\t<span>T\u1ea3i CV<\/span>\n\t<i class=\"icon-angle-down\" aria-hidden=\"true\" ><\/i><\/a>\n\n\t\t<\/div>\n\t\t\t\t\n<style>\n#col-1701178903 > .col-inner {\n  padding: 0px 15px 0px 15px;\n}\n<\/style>\n\t<\/div>\n\n\t\n\n\t<div id=\"col-1997083836\" class=\"col medium-8 small-12 large-8\"  >\n\t\t\t\t<div class=\"col-inner\"  >\n\t\t\t\n\t\t\t\n<h2>John Hagensy<\/h2>\n<p>Math Teacher<\/p>\n<p>If you\u2019re an educational professional who are looking to progress into management and consultancy, or an educational planning or development role, this is the best degree for you.<\/p>\n<div class=\"is-divider divider clearfix\" style=\"max-width:100%;background-color:rgb(197, 2, 39);\"><\/div>\n<div>\n<div>\n<div>\n<h3>Ti\u1ec3u s\u1eed<\/h3>\n<\/div>\n<\/div>\n<\/div>\n<div>\n<div>\n<div>\n<p>K\u1ebf to\u00e1n c\u00f3 th\u1ec3 \u0111\u01b0\u1ee3c chia th\u00e0nh nhi\u1ec1u l\u0129nh v\u1ef1c bao g\u1ed3m k\u1ebf to\u00e1n t\u00e0i ch\u00ednh, k\u1ebf to\u00e1n qu\u1ea3n tr\u1ecb, ki\u1ec3m to\u00e1n b\u00ean ngo\u00e0i, k\u1ebf to\u00e1n thu\u1ebf v\u00e0 k\u1ebf to\u00e1n chi ph\u00ed. H\u1ec7 th\u1ed1ng th\u00f4ng tin k\u1ebf to\u00e1n \u0111\u01b0\u1ee3c thi\u1ebft k\u1ebf \u0111\u1ec3 h\u1ed7 tr\u1ee3 ch\u1ee9c n\u0103ng k\u1ebf to\u00e1n v\u00e0 c\u00e1c ho\u1ea1t \u0111\u1ed9ng li\u00ean quan. K\u1ebf to\u00e1n t\u00e0i ch\u00ednh t\u1eadp trung v\u00e0o vi\u1ec7c b\u00e1o c\u00e1o th\u00f4ng tin t\u00e0i ch\u00ednh c\u1ee7a m\u1ed9t t\u1ed5 ch\u1ee9c, bao g\u1ed3m c\u1ea3 vi\u1ec7c l\u1eadp b\u00e1o c\u00e1o t\u00e0i ch\u00ednh, cho ng\u01b0\u1eddi d\u00f9ng b\u00ean ngo\u00e0i c\u1ee7a th\u00f4ng tin, ch\u1eb3ng h\u1ea1n nh\u01b0 c\u00e1c nh\u00e0 \u0111\u1ea7u t\u01b0.<\/p>\n<p>Hi\u1ec7n t\u1ea1i, Gi\u00e1o s\u01b0 John \u0111ang t\u1eadp trung nghi\u00ean c\u1ee9u v\u1ec1 h\u00e0nh vi c\u1ee7a nh\u00e0 \u0111\u1ea7u t\u01b0 c\u00e1 nh\u00e2n v\u00e0 c\u00e1c \u01b0u \u0111\u00e3i c\u1ee7a c\u00f4ng ty \u0111\u1ec3 hi\u1ec3u r\u00f5 h\u01a1n v\u1ec1 c\u00e1ch c\u00f4ng b\u1ed1 \u1ea3nh h\u01b0\u1edfng \u0111\u1ebfn l\u1ee3i nhu\u1eadn c\u1ed5 phi\u1ebfu v\u00e0 ph\u00e1t hi\u1ec7n ra vi\u1ec7c \u0111\u1ecbnh gi\u00e1 sai c\u00f3 th\u1ec3 x\u1ea3y ra. Tuy nhi\u00ean, John \u0111ang ti\u1ebfn h\u00e0nh m\u1ed9t c\u00e1ch ki\u1ec3m tra m\u1edbi v\u1ec1 quy\u1ec1n truy c\u1eadp th\u00f4ng tin c\u1ee7a c\u00e1c nh\u00e0 ph\u00e2n t\u00edch v\u00e0 \u00f4ng \u0111ang \u0111i\u1ec1u tra ph\u1ea3n \u1ee9ng c\u1ee7a th\u1ecb tr\u01b0\u1eddng \u0111\u1ed1i v\u1edbi c\u00e1c v\u1ea5n \u0111\u1ec1 t\u1ef1 nhi\u00ean v\u00e0 t\u00e1c \u0111\u1ed9ng s\u1ebd x\u1ea3y ra \u0111\u1ed1i v\u1edbi c\u00e1c c\u00f4ng ty ri\u00eang l\u1ebb.<\/p>\n<\/div>\n<\/div>\n<\/div>\n<div class=\"is-divider divider clearfix\" style=\"max-width:100%;background-color:rgb(197, 2, 39);\"><\/div>\n<h3>Gi\u00e1o d\u1ee5c<\/h3>\n<div  class=\"icon-list-item\">\n\t\t<div class=\"icon-list-image\">\n\t\t\t\t\n<p><i class=\"fa fa-dot-circle-o\" style=\"color: #c50227;font-size: 18px ;width: 18px ;\"><\/i><br \/>\n\t\t<\/div>\n\t\n\t<div id=\"text-372407627\" class=\"text icon-list-content\">\n\t\t\n<p>Ti\u1ebfn s\u0129, K\u1ebf to\u00e1n &#038; T\u00e0i ch\u00ednh, \u0110\u1ea1i h\u1ecdc Strathclyde, Scotland<\/p>\n\t\t\t<\/div>\n\t\n<\/div>\n<div  class=\"icon-list-item\">\n\t\t<div class=\"icon-list-image\">\n\t\t\t\t\n<p><i class=\"fa fa-dot-circle-o\" style=\"color: #c50227;font-size: 18px ;width: 18px ;\"><\/i><br \/>\n\t\t<\/div>\n\t\n\t<div id=\"text-3222141833\" class=\"text icon-list-content\">\n\t\t\n<p>Ti\u1ebfn s\u0129, K\u1ebf to\u00e1n &#038; T\u00e0i ch\u00ednh, \u0110\u1ea1i h\u1ecdc Strathclyde, Scotland<\/p>\n\t\t\t<\/div>\n\t\n<\/div>\n<div  class=\"icon-list-item\">\n\t\t<div class=\"icon-list-image\">\n\t\t\t\t\n<p><i class=\"fa fa-dot-circle-o\" style=\"color: #c50227;font-size: 18px ;width: 18px ;\"><\/i><br \/>\n\t\t<\/div>\n\t\n\t<div id=\"text-2320263251\" class=\"text icon-list-content\">\n\t\t\n<p>Ti\u1ebfn s\u0129, K\u1ebf to\u00e1n &#038; T\u00e0i ch\u00ednh, \u0110\u1ea1i h\u1ecdc Strathclyde, Scotland<\/p>\n\t\t\t<\/div>\n\t\n<\/div>\n<div class=\"is-divider divider clearfix\" style=\"max-width:100%;background-color:rgb(197, 2, 39);\"><\/div>\n<h3>\u1ea4n ph\u1ea9m<\/h3>\n<div  class=\"icon-list-item\">\n\t\t<div class=\"icon-list-image\">\n\t\t\t\t\n<p><i class=\"fa fa-hand-o-right\" style=\"color: #c50227;font-size: 18px ;width: 18px ;\"><\/i><br \/>\n\t\t<\/div>\n\t\n\t<div id=\"text-526804330\" class=\"text icon-list-content\">\n\t\t\n<p>Nh\u1eefng \u0111\u1ed5i m\u1edbi gi\u00e1 tr\u1ecb th\u1ecb tr\u01b0\u1eddng ch\u00ednh c\u1ee7a c\u00e1c c\u00f4ng ty m\u1edbi \u0111\u1ea1i ch\u00fang<\/p>\n\t\t\t<\/div>\n\t\n<\/div>\n<div  class=\"icon-list-item\">\n\t\t<div class=\"icon-list-image\">\n\t\t\t\t\n<p><i class=\"fa fa-hand-o-right\" style=\"color: #c50227;font-size: 18px ;width: 18px ;\"><\/i><br \/>\n\t\t<\/div>\n\t\n\t<div id=\"text-2397210786\" class=\"text icon-list-content\">\n\t\t\n<p>Nhi\u1ec7m k\u1ef3 ki\u1ec3m to\u00e1n v\u00e0 ch\u1ea5t l\u01b0\u1ee3ng b\u00e1o c\u00e1o t\u00e0i ch\u00ednh<\/p>\n\t\t\t<\/div>\n\t\n<\/div>\n<div  class=\"icon-list-item\">\n\t\t<div class=\"icon-list-image\">\n\t\t\t\t\n<p><i class=\"fa fa-hand-o-right\" style=\"color: #c50227;font-size: 18px ;width: 18px ;\"><\/i><br \/>\n\t\t<\/div>\n\t\n\t<div id=\"text-616368987\" class=\"text icon-list-content\">\n\t\t\n<p>Ph\u00ed b\u1ea5t ng\u1edd v\u00e0 d\u1ef1 \u0111o\u00e1n \u0111i\u1ec3m y\u1ebfu tr\u1ecdng y\u1ebfu<\/p>\n\t\t\t<\/div>\n\t\n<\/div>\n<div class=\"is-divider divider clearfix\" style=\"max-width:100%;background-color:rgb(197, 2, 39);\"><\/div>\n<h3>K\u1ef9 n\u0103ng<\/h3>\n<div  class=\"mbws-skill-bar-wrap\">\n\t<div id=\"text-4127283949\" class=\"text bar-title\">\n\t\t\n<p>L\u1eadp k\u1ebf ho\u1ea1ch kinh doanh<\/p>\n\t\t\t<\/div>\n\t\n\t<div id=\"text-1703017715\" class=\"text bar-right\">\n\t\t\n<p>90%<\/p>\n\t\t\t<\/div>\n\t\n\t\t<div class=\"skill-bar\">\n\t\t\t\t\n<div class=\"skill-level\" style=\"width: 90%;\"><\/div>\n\t\t<\/div>\n\t\n<\/div>\n<div  class=\"mbws-skill-bar-wrap\">\n\t<div id=\"text-3418461898\" class=\"text bar-title\">\n\t\t\n<p>Lu\u1eadt kinh doanh<\/p>\n\t\t\t<\/div>\n\t\n\t<div id=\"text-1477276103\" class=\"text bar-right\">\n\t\t\n<p>70%<\/p>\n\t\t\t<\/div>\n\t\n\t\t<div class=\"skill-bar\">\n\t\t\t\t\n<div class=\"skill-level\" style=\"width: 70%;\"><\/div>\n\t\t<\/div>\n\t\n<\/div>\n<div  class=\"mbws-skill-bar-wrap\">\n\t<div id=\"text-218145711\" class=\"text bar-title\">\n\t\t\n<p>K\u1ef9 n\u0103ng gi\u1ea3ng b\u00e0i<\/p>\n\t\t\t<\/div>\n\t\n\t<div id=\"text-702603192\" class=\"text bar-right\">\n\t\t\n<p>100%<\/p>\n\t\t\t<\/div>\n\t\n\t\t<div class=\"skill-bar\">\n\t\t\t\t\n<div class=\"skill-level\" style=\"width: 100%;\"><\/div>\n\t\t<\/div>\n\t\n<\/div>\n\t\t<\/div>\n\t\t\t\t\n<style>\n#col-1997083836 > .col-inner {\n  padding: 0px 15px 0px 15px;\n}\n<\/style>\n\t<\/div>\n\n\t\n<\/div>\n\t\t<\/div>\n\n\t\t\n<style>\n#section_98349848 {\n  padding-top: 30px;\n  padding-bottom: 30px;\n}\n<\/style>\n\t<\/section>\n\t\n","protected":false},"excerpt":{"rendered":"","protected":false},"author":1,"featured_media":0,"parent":570,"menu_order":0,"comment_status":"closed","ping_status":"closed","template":"page-transparent-header-light.php","meta":{"footnotes":""},"class_list":["post-560","page","type-page","status-publish","hentry"],"_links":{"self":[{"href":"https:\/\/mayschool.edu.vn\/en\/wp-json\/wp\/v2\/pages\/560","targetHints":{"allow":["GET"]}}],"collection":[{"href":"https:\/\/mayschool.edu.vn\/en\/wp-json\/wp\/v2\/pages"}],"about":[{"href":"https:\/\/mayschool.edu.vn\/en\/wp-json\/wp\/v2\/types\/page"}],"author":[{"embeddable":true,"href":"https:\/\/mayschool.edu.vn\/en\/wp-json\/wp\/v2\/users\/1"}],"replies":[{"embeddable":true,"href":"https:\/\/mayschool.edu.vn\/en\/wp-json\/wp\/v2\/comments?post=560"}],"version-history":[{"count":0,"href":"https:\/\/mayschool.edu.vn\/en\/wp-json\/wp\/v2\/pages\/560\/revisions"}],"up":[{"embeddable":true,"href":"https:\/\/mayschool.edu.vn\/en\/wp-json\/wp\/v2\/pages\/570"}],"wp:attachment":[{"href":"https:\/\/mayschool.edu.vn\/en\/wp-json\/wp\/v2\/media?parent=560"}],"curies":[{"name":"wp","href":"https:\/\/api.w.org\/{rel}","templated":true}]}}